{"id":9,"date":"2022-01-12T10:31:11","date_gmt":"2022-01-12T10:31:11","guid":{"rendered":"https:\/\/www.tisickrizuproveterany.cz\/?page_id=9"},"modified":"2022-01-13T11:40:25","modified_gmt":"2022-01-13T11:40:25","slug":"kontakt","status":"publish","type":"page","link":"https:\/\/www.tisickrizuproveterany.cz\/?page_id=9","title":{"rendered":"Kontakt"},"content":{"rendered":"\n<p class=\"has-text-align-center\">V p\u0159\u00edpad\u011b jak\u00fdchkoliv dotaz\u016f n\u00e1s nev\u00e1hejte kontaktovat prost\u0159ednictv\u00edm kontaktn\u00edho formul\u00e1\u0159e.<\/p>\n\n\n\n<div class=\"wp-block-contact-form-7-contact-form-selector\">\n<div class=\"wpcf7 no-js\" id=\"wpcf7-f73-o1\" lang=\"cs-CZ\" dir=\"ltr\" data-wpcf7-id=\"73\">\n<div class=\"screen-reader-response\"><p role=\"status\" aria-live=\"polite\" aria-atomic=\"true\"><\/p> <ul><\/ul><\/div>\n<form action=\"\/index.php?rest_route=%2Fwp%2Fv2%2Fpages%2F9#wpcf7-f73-o1\" method=\"post\" class=\"wpcf7-form init\" aria-label=\"Kontaktn\u00ed formul\u00e1\u0159\" novalidate=\"novalidate\" data-status=\"init\">\n<fieldset class=\"hidden-fields-container\"><input type=\"hidden\" name=\"_wpcf7\" value=\"73\" \/><input type=\"hidden\" name=\"_wpcf7_version\" value=\"6.1.5\" \/><input type=\"hidden\" name=\"_wpcf7_locale\" value=\"cs_CZ\" \/><input type=\"hidden\" name=\"_wpcf7_unit_tag\" value=\"wpcf7-f73-o1\" \/><input type=\"hidden\" name=\"_wpcf7_container_post\" value=\"0\" \/><input type=\"hidden\" name=\"_wpcf7_posted_data_hash\" value=\"\" \/>\n<\/fieldset>\n<p><label> Va\u0161e jm\u00e9no<br \/>\n<span class=\"wpcf7-form-control-wrap\" data-name=\"your-name\"><input size=\"40\" maxlength=\"400\" class=\"wpcf7-form-control wpcf7-text wpcf7-validates-as-required\" aria-required=\"true\" aria-invalid=\"false\" value=\"\" type=\"text\" name=\"your-name\" \/><\/span> <\/label>\n<\/p>\n<p><label> V\u00e1\u0161 e-mail<br \/>\n<span class=\"wpcf7-form-control-wrap\" data-name=\"your-email\"><input size=\"40\" maxlength=\"400\" class=\"wpcf7-form-control wpcf7-email wpcf7-validates-as-required wpcf7-text wpcf7-validates-as-email\" aria-required=\"true\" aria-invalid=\"false\" value=\"\" type=\"email\" name=\"your-email\" \/><\/span> <\/label>\n<\/p>\n<p><label> P\u0159edm\u011bt<br \/>\n<span class=\"wpcf7-form-control-wrap\" data-name=\"your-subject\"><input size=\"40\" maxlength=\"400\" class=\"wpcf7-form-control wpcf7-text wpcf7-validates-as-required\" aria-required=\"true\" aria-invalid=\"false\" value=\"\" type=\"text\" name=\"your-subject\" \/><\/span> <\/label>\n<\/p>\n<p><label> Va\u0161e zpr\u00e1va (voliteln\u00fd)<br \/>\n<span class=\"wpcf7-form-control-wrap\" data-name=\"your-message\"><textarea cols=\"40\" rows=\"10\" maxlength=\"2000\" class=\"wpcf7-form-control wpcf7-textarea\" aria-invalid=\"false\" name=\"your-message\"><\/textarea><\/span> <\/label>\n<\/p>\n<p><input class=\"wpcf7-form-control wpcf7-submit has-spinner\" type=\"submit\" value=\"Odeslat\" \/>\n<\/p><p style=\"display: none !important;\" class=\"akismet-fields-container\" data-prefix=\"_wpcf7_ak_\"><label>&#916;<textarea name=\"_wpcf7_ak_hp_textarea\" cols=\"45\" rows=\"8\" maxlength=\"100\"><\/textarea><\/label><input type=\"hidden\" id=\"ak_js_1\" name=\"_wpcf7_ak_js\" value=\"140\"\/><script>\ndocument.getElementById( \"ak_js_1\" ).setAttribute( \"value\", ( new Date() ).getTime() );\n<\/script>\n<\/p><div class=\"wpcf7-response-output\" aria-hidden=\"true\"><\/div>\n<\/form>\n<\/div>\n<\/div>\n","protected":false},"excerpt":{"rendered":"<p>V p\u0159\u00edpad\u011b jak\u00fdchkoliv dotaz\u016f n\u00e1s nev\u00e1hejte kontaktovat prost\u0159ednictv\u00edm kontaktn\u00edho formul\u00e1\u0159e.<\/p>\n","protected":false},"author":2,"featured_media":0,"parent":0,"menu_order":0,"comment_status":"closed","ping_status":"closed","template":"","meta":{"footnotes":""},"class_list":["post-9","page","type-page","status-publish","hentry","entry"],"yoast_head":"<!-- This site is optimized with the Yoast SEO plugin v27.5 - https:\/\/yoast.com\/product\/yoast-seo-wordpress\/ -->\n<title>Kontakt - Tis\u00edc k\u0159\u00ed\u017e\u016f pro veter\u00e1ny<\/title>\n<meta name=\"robots\" content=\"index, follow, max-snippet:-1, max-image-preview:large, max-video-preview:-1\" \/>\n<link rel=\"canonical\" href=\"https:\/\/www.tisickrizuproveterany.cz\/?page_id=9\" \/>\n<meta property=\"og:locale\" content=\"cs_CZ\" \/>\n<meta property=\"og:type\" content=\"article\" \/>\n<meta property=\"og:title\" content=\"Kontakt - Tis\u00edc k\u0159\u00ed\u017e\u016f pro veter\u00e1ny\" \/>\n<meta property=\"og:description\" content=\"V p\u0159\u00edpad\u011b jak\u00fdchkoliv dotaz\u016f n\u00e1s nev\u00e1hejte kontaktovat prost\u0159ednictv\u00edm kontaktn\u00edho formul\u00e1\u0159e.\" \/>\n<meta property=\"og:url\" content=\"https:\/\/www.tisickrizuproveterany.cz\/?page_id=9\" \/>\n<meta property=\"og:site_name\" content=\"Tis\u00edc k\u0159\u00ed\u017e\u016f pro veter\u00e1ny\" \/>\n<meta property=\"article:modified_time\" content=\"2022-01-13T11:40:25+00:00\" \/>\n<meta name=\"twitter:card\" content=\"summary_large_image\" \/>\n<script type=\"application\/ld+json\" class=\"yoast-schema-graph\">{\"@context\":\"https:\\\/\\\/schema.org\",\"@graph\":[{\"@type\":\"WebPage\",\"@id\":\"https:\\\/\\\/www.tisickrizuproveterany.cz\\\/?page_id=9\",\"url\":\"https:\\\/\\\/www.tisickrizuproveterany.cz\\\/?page_id=9\",\"name\":\"Kontakt - Tis\u00edc k\u0159\u00ed\u017e\u016f pro veter\u00e1ny\",\"isPartOf\":{\"@id\":\"https:\\\/\\\/www.tisickrizuproveterany.cz\\\/#website\"},\"datePublished\":\"2022-01-12T10:31:11+00:00\",\"dateModified\":\"2022-01-13T11:40:25+00:00\",\"breadcrumb\":{\"@id\":\"https:\\\/\\\/www.tisickrizuproveterany.cz\\\/?page_id=9#breadcrumb\"},\"inLanguage\":\"cs\",\"potentialAction\":[{\"@type\":\"ReadAction\",\"target\":[\"https:\\\/\\\/www.tisickrizuproveterany.cz\\\/?page_id=9\"]}]},{\"@type\":\"BreadcrumbList\",\"@id\":\"https:\\\/\\\/www.tisickrizuproveterany.cz\\\/?page_id=9#breadcrumb\",\"itemListElement\":[{\"@type\":\"ListItem\",\"position\":1,\"name\":\"Dom\u016f\",\"item\":\"https:\\\/\\\/www.tisickrizuproveterany.cz\\\/\"},{\"@type\":\"ListItem\",\"position\":2,\"name\":\"Kontakt\"}]},{\"@type\":\"WebSite\",\"@id\":\"https:\\\/\\\/www.tisickrizuproveterany.cz\\\/#website\",\"url\":\"https:\\\/\\\/www.tisickrizuproveterany.cz\\\/\",\"name\":\"Tis\u00edc k\u0159\u00ed\u017e\u016f pro veter\u00e1ny\",\"description\":\"\",\"publisher\":{\"@id\":\"https:\\\/\\\/www.tisickrizuproveterany.cz\\\/#organization\"},\"potentialAction\":[{\"@type\":\"SearchAction\",\"target\":{\"@type\":\"EntryPoint\",\"urlTemplate\":\"https:\\\/\\\/www.tisickrizuproveterany.cz\\\/?s={search_term_string}\"},\"query-input\":{\"@type\":\"PropertyValueSpecification\",\"valueRequired\":true,\"valueName\":\"search_term_string\"}}],\"inLanguage\":\"cs\"},{\"@type\":\"Organization\",\"@id\":\"https:\\\/\\\/www.tisickrizuproveterany.cz\\\/#organization\",\"name\":\"Tis\u00edc k\u0159\u00ed\u017e\u016f pro veter\u00e1ny\",\"url\":\"https:\\\/\\\/www.tisickrizuproveterany.cz\\\/\",\"logo\":{\"@type\":\"ImageObject\",\"inLanguage\":\"cs\",\"@id\":\"https:\\\/\\\/www.tisickrizuproveterany.cz\\\/#\\\/schema\\\/logo\\\/image\\\/\",\"url\":\"https:\\\/\\\/www.tisickrizuproveterany.cz\\\/wp-content\\\/uploads\\\/2022\\\/02\\\/logo.png\",\"contentUrl\":\"https:\\\/\\\/www.tisickrizuproveterany.cz\\\/wp-content\\\/uploads\\\/2022\\\/02\\\/logo.png\",\"width\":1280,\"height\":720,\"caption\":\"Tis\u00edc k\u0159\u00ed\u017e\u016f pro veter\u00e1ny\"},\"image\":{\"@id\":\"https:\\\/\\\/www.tisickrizuproveterany.cz\\\/#\\\/schema\\\/logo\\\/image\\\/\"}}]}<\/script>\n<!-- \/ Yoast SEO plugin. -->","yoast_head_json":{"title":"Kontakt - Tis\u00edc k\u0159\u00ed\u017e\u016f pro veter\u00e1ny","robots":{"index":"index","follow":"follow","max-snippet":"max-snippet:-1","max-image-preview":"max-image-preview:large","max-video-preview":"max-video-preview:-1"},"canonical":"https:\/\/www.tisickrizuproveterany.cz\/?page_id=9","og_locale":"cs_CZ","og_type":"article","og_title":"Kontakt - Tis\u00edc k\u0159\u00ed\u017e\u016f pro veter\u00e1ny","og_description":"V p\u0159\u00edpad\u011b jak\u00fdchkoliv dotaz\u016f n\u00e1s nev\u00e1hejte kontaktovat prost\u0159ednictv\u00edm kontaktn\u00edho formul\u00e1\u0159e.","og_url":"https:\/\/www.tisickrizuproveterany.cz\/?page_id=9","og_site_name":"Tis\u00edc k\u0159\u00ed\u017e\u016f pro veter\u00e1ny","article_modified_time":"2022-01-13T11:40:25+00:00","twitter_card":"summary_large_image","schema":{"@context":"https:\/\/schema.org","@graph":[{"@type":"WebPage","@id":"https:\/\/www.tisickrizuproveterany.cz\/?page_id=9","url":"https:\/\/www.tisickrizuproveterany.cz\/?page_id=9","name":"Kontakt - Tis\u00edc k\u0159\u00ed\u017e\u016f pro veter\u00e1ny","isPartOf":{"@id":"https:\/\/www.tisickrizuproveterany.cz\/#website"},"datePublished":"2022-01-12T10:31:11+00:00","dateModified":"2022-01-13T11:40:25+00:00","breadcrumb":{"@id":"https:\/\/www.tisickrizuproveterany.cz\/?page_id=9#breadcrumb"},"inLanguage":"cs","potentialAction":[{"@type":"ReadAction","target":["https:\/\/www.tisickrizuproveterany.cz\/?page_id=9"]}]},{"@type":"BreadcrumbList","@id":"https:\/\/www.tisickrizuproveterany.cz\/?page_id=9#breadcrumb","itemListElement":[{"@type":"ListItem","position":1,"name":"Dom\u016f","item":"https:\/\/www.tisickrizuproveterany.cz\/"},{"@type":"ListItem","position":2,"name":"Kontakt"}]},{"@type":"WebSite","@id":"https:\/\/www.tisickrizuproveterany.cz\/#website","url":"https:\/\/www.tisickrizuproveterany.cz\/","name":"Tis\u00edc k\u0159\u00ed\u017e\u016f pro veter\u00e1ny","description":"","publisher":{"@id":"https:\/\/www.tisickrizuproveterany.cz\/#organization"},"potentialAction":[{"@type":"SearchAction","target":{"@type":"EntryPoint","urlTemplate":"https:\/\/www.tisickrizuproveterany.cz\/?s={search_term_string}"},"query-input":{"@type":"PropertyValueSpecification","valueRequired":true,"valueName":"search_term_string"}}],"inLanguage":"cs"},{"@type":"Organization","@id":"https:\/\/www.tisickrizuproveterany.cz\/#organization","name":"Tis\u00edc k\u0159\u00ed\u017e\u016f pro veter\u00e1ny","url":"https:\/\/www.tisickrizuproveterany.cz\/","logo":{"@type":"ImageObject","inLanguage":"cs","@id":"https:\/\/www.tisickrizuproveterany.cz\/#\/schema\/logo\/image\/","url":"https:\/\/www.tisickrizuproveterany.cz\/wp-content\/uploads\/2022\/02\/logo.png","contentUrl":"https:\/\/www.tisickrizuproveterany.cz\/wp-content\/uploads\/2022\/02\/logo.png","width":1280,"height":720,"caption":"Tis\u00edc k\u0159\u00ed\u017e\u016f pro veter\u00e1ny"},"image":{"@id":"https:\/\/www.tisickrizuproveterany.cz\/#\/schema\/logo\/image\/"}}]}},"_links":{"self":[{"href":"https:\/\/www.tisickrizuproveterany.cz\/index.php?rest_route=\/wp\/v2\/pages\/9","targetHints":{"allow":["GET"]}}],"collection":[{"href":"https:\/\/www.tisickrizuproveterany.cz\/index.php?rest_route=\/wp\/v2\/pages"}],"about":[{"href":"https:\/\/www.tisickrizuproveterany.cz\/index.php?rest_route=\/wp\/v2\/types\/page"}],"author":[{"embeddable":true,"href":"https:\/\/www.tisickrizuproveterany.cz\/index.php?rest_route=\/wp\/v2\/users\/2"}],"replies":[{"embeddable":true,"href":"https:\/\/www.tisickrizuproveterany.cz\/index.php?rest_route=%2Fwp%2Fv2%2Fcomments&post=9"}],"version-history":[{"count":4,"href":"https:\/\/www.tisickrizuproveterany.cz\/index.php?rest_route=\/wp\/v2\/pages\/9\/revisions"}],"predecessor-version":[{"id":76,"href":"https:\/\/www.tisickrizuproveterany.cz\/index.php?rest_route=\/wp\/v2\/pages\/9\/revisions\/76"}],"wp:attachment":[{"href":"https:\/\/www.tisickrizuproveterany.cz\/index.php?rest_route=%2Fwp%2Fv2%2Fmedia&parent=9"}],"curies":[{"name":"wp","href":"https:\/\/api.w.org\/{rel}","templated":true}]}}