{"id":8,"date":"2022-01-12T10:31:11","date_gmt":"2022-01-12T10:31:11","guid":{"rendered":"https:\/\/www.tisickrizuproveterany.cz\/?page_id=8"},"modified":"2022-01-13T14:16:43","modified_gmt":"2022-01-13T14:16:43","slug":"o-nas","status":"publish","type":"page","link":"https:\/\/www.tisickrizuproveterany.cz\/?page_id=8","title":{"rendered":"O n\u00e1s"},"content":{"rendered":"\n<p class=\"has-background-color has-text-color has-background\" style=\"background-color:#940808\"><br>Od konce prvn\u00ed sv\u011btov\u00e9 v\u00e1lky si cel\u00fd sv\u011bt p\u0159ipom\u00edn\u00e1 v\u017edy 11. 11. pam\u00e1tku v\u00e1le\u010dn\u00fdch veter\u00e1n\u016f jako Den v\u00e1le\u010dn\u00fdch veter\u00e1n\u016f, nebo Den vzpom\u00ednek.<\/p>\n","protected":false},"excerpt":{"rendered":"<p>Od konce prvn\u00ed sv\u011btov\u00e9 v\u00e1lky si cel\u00fd sv\u011bt p\u0159ipom\u00edn\u00e1 v\u017edy 11. 11. pam\u00e1tku v\u00e1le\u010dn\u00fdch veter\u00e1n\u016f jako Den v\u00e1le\u010dn\u00fdch veter\u00e1n\u016f, nebo Den vzpom\u00ednek.<\/p>\n","protected":false},"author":1,"featured_media":0,"parent":0,"menu_order":0,"comment_status":"closed","ping_status":"closed","template":"","meta":{"footnotes":""},"class_list":["post-8","page","type-page","status-publish","hentry","entry"],"yoast_head":"<!-- This site is optimized with the Yoast SEO plugin v27.5 - https:\/\/yoast.com\/product\/yoast-seo-wordpress\/ -->\n<title>O n\u00e1s - Tis\u00edc k\u0159\u00ed\u017e\u016f pro veter\u00e1ny<\/title>\n<meta name=\"robots\" content=\"index, follow, max-snippet:-1, max-image-preview:large, max-video-preview:-1\" \/>\n<link rel=\"canonical\" href=\"https:\/\/www.tisickrizuproveterany.cz\/?page_id=8\" \/>\n<meta property=\"og:locale\" content=\"cs_CZ\" \/>\n<meta property=\"og:type\" content=\"article\" \/>\n<meta property=\"og:title\" content=\"O n\u00e1s - Tis\u00edc k\u0159\u00ed\u017e\u016f pro veter\u00e1ny\" \/>\n<meta property=\"og:description\" content=\"Od konce prvn\u00ed sv\u011btov\u00e9 v\u00e1lky si cel\u00fd sv\u011bt p\u0159ipom\u00edn\u00e1 v\u017edy 11. 11. pam\u00e1tku v\u00e1le\u010dn\u00fdch veter\u00e1n\u016f jako Den v\u00e1le\u010dn\u00fdch veter\u00e1n\u016f, nebo Den vzpom\u00ednek.\" \/>\n<meta property=\"og:url\" content=\"https:\/\/www.tisickrizuproveterany.cz\/?page_id=8\" \/>\n<meta property=\"og:site_name\" content=\"Tis\u00edc k\u0159\u00ed\u017e\u016f pro veter\u00e1ny\" \/>\n<meta property=\"article:modified_time\" content=\"2022-01-13T14:16:43+00:00\" \/>\n<meta name=\"twitter:card\" content=\"summary_large_image\" \/>\n<meta name=\"twitter:label1\" content=\"Odhadovan\u00e1 doba \u010dten\u00ed\" \/>\n\t<meta name=\"twitter:data1\" content=\"1 minuta\" \/>\n<script type=\"application\/ld+json\" class=\"yoast-schema-graph\">{\"@context\":\"https:\\\/\\\/schema.org\",\"@graph\":[{\"@type\":\"WebPage\",\"@id\":\"https:\\\/\\\/www.tisickrizuproveterany.cz\\\/?page_id=8\",\"url\":\"https:\\\/\\\/www.tisickrizuproveterany.cz\\\/?page_id=8\",\"name\":\"O n\u00e1s - Tis\u00edc k\u0159\u00ed\u017e\u016f pro veter\u00e1ny\",\"isPartOf\":{\"@id\":\"https:\\\/\\\/www.tisickrizuproveterany.cz\\\/#website\"},\"datePublished\":\"2022-01-12T10:31:11+00:00\",\"dateModified\":\"2022-01-13T14:16:43+00:00\",\"breadcrumb\":{\"@id\":\"https:\\\/\\\/www.tisickrizuproveterany.cz\\\/?page_id=8#breadcrumb\"},\"inLanguage\":\"cs\",\"potentialAction\":[{\"@type\":\"ReadAction\",\"target\":[\"https:\\\/\\\/www.tisickrizuproveterany.cz\\\/?page_id=8\"]}]},{\"@type\":\"BreadcrumbList\",\"@id\":\"https:\\\/\\\/www.tisickrizuproveterany.cz\\\/?page_id=8#breadcrumb\",\"itemListElement\":[{\"@type\":\"ListItem\",\"position\":1,\"name\":\"Dom\u016f\",\"item\":\"https:\\\/\\\/www.tisickrizuproveterany.cz\\\/\"},{\"@type\":\"ListItem\",\"position\":2,\"name\":\"O n\u00e1s\"}]},{\"@type\":\"WebSite\",\"@id\":\"https:\\\/\\\/www.tisickrizuproveterany.cz\\\/#website\",\"url\":\"https:\\\/\\\/www.tisickrizuproveterany.cz\\\/\",\"name\":\"Tis\u00edc k\u0159\u00ed\u017e\u016f pro veter\u00e1ny\",\"description\":\"\",\"publisher\":{\"@id\":\"https:\\\/\\\/www.tisickrizuproveterany.cz\\\/#organization\"},\"potentialAction\":[{\"@type\":\"SearchAction\",\"target\":{\"@type\":\"EntryPoint\",\"urlTemplate\":\"https:\\\/\\\/www.tisickrizuproveterany.cz\\\/?s={search_term_string}\"},\"query-input\":{\"@type\":\"PropertyValueSpecification\",\"valueRequired\":true,\"valueName\":\"search_term_string\"}}],\"inLanguage\":\"cs\"},{\"@type\":\"Organization\",\"@id\":\"https:\\\/\\\/www.tisickrizuproveterany.cz\\\/#organization\",\"name\":\"Tis\u00edc k\u0159\u00ed\u017e\u016f pro veter\u00e1ny\",\"url\":\"https:\\\/\\\/www.tisickrizuproveterany.cz\\\/\",\"logo\":{\"@type\":\"ImageObject\",\"inLanguage\":\"cs\",\"@id\":\"https:\\\/\\\/www.tisickrizuproveterany.cz\\\/#\\\/schema\\\/logo\\\/image\\\/\",\"url\":\"https:\\\/\\\/www.tisickrizuproveterany.cz\\\/wp-content\\\/uploads\\\/2022\\\/02\\\/logo.png\",\"contentUrl\":\"https:\\\/\\\/www.tisickrizuproveterany.cz\\\/wp-content\\\/uploads\\\/2022\\\/02\\\/logo.png\",\"width\":1280,\"height\":720,\"caption\":\"Tis\u00edc k\u0159\u00ed\u017e\u016f pro veter\u00e1ny\"},\"image\":{\"@id\":\"https:\\\/\\\/www.tisickrizuproveterany.cz\\\/#\\\/schema\\\/logo\\\/image\\\/\"}}]}<\/script>\n<!-- \/ Yoast SEO plugin. -->","yoast_head_json":{"title":"O n\u00e1s - Tis\u00edc k\u0159\u00ed\u017e\u016f pro veter\u00e1ny","robots":{"index":"index","follow":"follow","max-snippet":"max-snippet:-1","max-image-preview":"max-image-preview:large","max-video-preview":"max-video-preview:-1"},"canonical":"https:\/\/www.tisickrizuproveterany.cz\/?page_id=8","og_locale":"cs_CZ","og_type":"article","og_title":"O n\u00e1s - Tis\u00edc k\u0159\u00ed\u017e\u016f pro veter\u00e1ny","og_description":"Od konce prvn\u00ed sv\u011btov\u00e9 v\u00e1lky si cel\u00fd sv\u011bt p\u0159ipom\u00edn\u00e1 v\u017edy 11. 11. pam\u00e1tku v\u00e1le\u010dn\u00fdch veter\u00e1n\u016f jako Den v\u00e1le\u010dn\u00fdch veter\u00e1n\u016f, nebo Den vzpom\u00ednek.","og_url":"https:\/\/www.tisickrizuproveterany.cz\/?page_id=8","og_site_name":"Tis\u00edc k\u0159\u00ed\u017e\u016f pro veter\u00e1ny","article_modified_time":"2022-01-13T14:16:43+00:00","twitter_card":"summary_large_image","twitter_misc":{"Odhadovan\u00e1 doba \u010dten\u00ed":"1 minuta"},"schema":{"@context":"https:\/\/schema.org","@graph":[{"@type":"WebPage","@id":"https:\/\/www.tisickrizuproveterany.cz\/?page_id=8","url":"https:\/\/www.tisickrizuproveterany.cz\/?page_id=8","name":"O n\u00e1s - Tis\u00edc k\u0159\u00ed\u017e\u016f pro veter\u00e1ny","isPartOf":{"@id":"https:\/\/www.tisickrizuproveterany.cz\/#website"},"datePublished":"2022-01-12T10:31:11+00:00","dateModified":"2022-01-13T14:16:43+00:00","breadcrumb":{"@id":"https:\/\/www.tisickrizuproveterany.cz\/?page_id=8#breadcrumb"},"inLanguage":"cs","potentialAction":[{"@type":"ReadAction","target":["https:\/\/www.tisickrizuproveterany.cz\/?page_id=8"]}]},{"@type":"BreadcrumbList","@id":"https:\/\/www.tisickrizuproveterany.cz\/?page_id=8#breadcrumb","itemListElement":[{"@type":"ListItem","position":1,"name":"Dom\u016f","item":"https:\/\/www.tisickrizuproveterany.cz\/"},{"@type":"ListItem","position":2,"name":"O n\u00e1s"}]},{"@type":"WebSite","@id":"https:\/\/www.tisickrizuproveterany.cz\/#website","url":"https:\/\/www.tisickrizuproveterany.cz\/","name":"Tis\u00edc k\u0159\u00ed\u017e\u016f pro veter\u00e1ny","description":"","publisher":{"@id":"https:\/\/www.tisickrizuproveterany.cz\/#organization"},"potentialAction":[{"@type":"SearchAction","target":{"@type":"EntryPoint","urlTemplate":"https:\/\/www.tisickrizuproveterany.cz\/?s={search_term_string}"},"query-input":{"@type":"PropertyValueSpecification","valueRequired":true,"valueName":"search_term_string"}}],"inLanguage":"cs"},{"@type":"Organization","@id":"https:\/\/www.tisickrizuproveterany.cz\/#organization","name":"Tis\u00edc k\u0159\u00ed\u017e\u016f pro veter\u00e1ny","url":"https:\/\/www.tisickrizuproveterany.cz\/","logo":{"@type":"ImageObject","inLanguage":"cs","@id":"https:\/\/www.tisickrizuproveterany.cz\/#\/schema\/logo\/image\/","url":"https:\/\/www.tisickrizuproveterany.cz\/wp-content\/uploads\/2022\/02\/logo.png","contentUrl":"https:\/\/www.tisickrizuproveterany.cz\/wp-content\/uploads\/2022\/02\/logo.png","width":1280,"height":720,"caption":"Tis\u00edc k\u0159\u00ed\u017e\u016f pro veter\u00e1ny"},"image":{"@id":"https:\/\/www.tisickrizuproveterany.cz\/#\/schema\/logo\/image\/"}}]}},"_links":{"self":[{"href":"https:\/\/www.tisickrizuproveterany.cz\/index.php?rest_route=\/wp\/v2\/pages\/8","targetHints":{"allow":["GET"]}}],"collection":[{"href":"https:\/\/www.tisickrizuproveterany.cz\/index.php?rest_route=\/wp\/v2\/pages"}],"about":[{"href":"https:\/\/www.tisickrizuproveterany.cz\/index.php?rest_route=\/wp\/v2\/types\/page"}],"author":[{"embeddable":true,"href":"https:\/\/www.tisickrizuproveterany.cz\/index.php?rest_route=\/wp\/v2\/users\/1"}],"replies":[{"embeddable":true,"href":"https:\/\/www.tisickrizuproveterany.cz\/index.php?rest_route=%2Fwp%2Fv2%2Fcomments&post=8"}],"version-history":[{"count":3,"href":"https:\/\/www.tisickrizuproveterany.cz\/index.php?rest_route=\/wp\/v2\/pages\/8\/revisions"}],"predecessor-version":[{"id":90,"href":"https:\/\/www.tisickrizuproveterany.cz\/index.php?rest_route=\/wp\/v2\/pages\/8\/revisions\/90"}],"wp:attachment":[{"href":"https:\/\/www.tisickrizuproveterany.cz\/index.php?rest_route=%2Fwp%2Fv2%2Fmedia&parent=8"}],"curies":[{"name":"wp","href":"https:\/\/api.w.org\/{rel}","templated":true}]}}